{"id":816,"date":"2018-01-29T17:22:16","date_gmt":"2018-01-29T16:22:16","guid":{"rendered":"https:\/\/nessnetwork.janschmidhofer.de\/finanzen\/"},"modified":"2023-02-22T14:50:52","modified_gmt":"2023-02-22T13:50:52","slug":"finances","status":"publish","type":"page","link":"https:\/\/ness-network.com\/en\/what-we-do\/finances\/","title":{"rendered":"Finances &#8211; Sustainable asset planning"},"content":{"rendered":"<p>F\u00fcr jeden Sportler stellen sich auch existenzielle Fragen, \u201eWie verwalte ich mein Geld?\u201c oder \u201eWas mache ich nach meiner Karriere als Sportler?\u201c NESS&amp;NETWORK vertraut hier nur absolut seri\u00f6sen Partnern aus dem Finanzberatungs- und Steuer-Metier (alternativ: Szene). . \u00dcber 20 Jahre Erfahrung sprechen f\u00fcr sich. NESS&amp;NETWORK entwickelt mit seinen Sportlern nachhaltige Kapital- und Anlagefahrpl\u00e4ne (Gibt es ein besseres Wort als Fahrpl\u00e4ne?). Das Prinzip ist einfach. Verm\u00f6gen aufbauen und rentabel investieren.<\/p>\r\n\r\n<p>&nbsp;<\/p>\r\n","protected":false},"excerpt":{"rendered":"<p>F\u00fcr jeden Sportler stellen sich auch existenzielle Fragen, \u201eWie verwalte ich mein Geld?\u201c oder \u201eWas mache ich nach meiner Karriere als Sportler?\u201c NESS&amp;NETWORK vertraut hier nur absolut seri\u00f6sen Partnern aus dem Finanzberatungs- und Steuer-Metier (alternativ: Szene). . \u00dcber 20 Jahre Erfahrung sprechen f\u00fcr sich. NESS&amp;NETWORK entwickelt mit seinen Sportlern nachhaltige Kapital- und Anlagefahrpl\u00e4ne (Gibt es [&hellip;]<\/p>\n","protected":false},"author":1,"featured_media":597,"parent":823,"menu_order":6,"comment_status":"closed","ping_status":"closed","template":"page-waswirtun-detail.php","meta":{"_acf_changed":false,"footnotes":""},"class_list":["post-816","page","type-page","status-publish","has-post-thumbnail","hentry"],"acf":[],"_links":{"self":[{"href":"https:\/\/ness-network.com\/en\/wp-json\/wp\/v2\/pages\/816","targetHints":{"allow":["GET"]}}],"collection":[{"href":"https:\/\/ness-network.com\/en\/wp-json\/wp\/v2\/pages"}],"about":[{"href":"https:\/\/ness-network.com\/en\/wp-json\/wp\/v2\/types\/page"}],"author":[{"embeddable":true,"href":"https:\/\/ness-network.com\/en\/wp-json\/wp\/v2\/users\/1"}],"replies":[{"embeddable":true,"href":"https:\/\/ness-network.com\/en\/wp-json\/wp\/v2\/comments?post=816"}],"version-history":[{"count":8,"href":"https:\/\/ness-network.com\/en\/wp-json\/wp\/v2\/pages\/816\/revisions"}],"predecessor-version":[{"id":1267,"href":"https:\/\/ness-network.com\/en\/wp-json\/wp\/v2\/pages\/816\/revisions\/1267"}],"up":[{"embeddable":true,"href":"https:\/\/ness-network.com\/en\/wp-json\/wp\/v2\/pages\/823"}],"wp:featuredmedia":[{"embeddable":true,"href":"https:\/\/ness-network.com\/en\/wp-json\/wp\/v2\/media\/597"}],"wp:attachment":[{"href":"https:\/\/ness-network.com\/en\/wp-json\/wp\/v2\/media?parent=816"}],"curies":[{"name":"wp","href":"https:\/\/api.w.org\/{rel}","templated":true}]}}