{"id":834,"date":"2018-01-29T17:22:47","date_gmt":"2018-01-29T16:22:47","guid":{"rendered":"https:\/\/nessnetwork.janschmidhofer.de\/what-we-do\/rechtsbeistand\/"},"modified":"2023-02-22T14:45:36","modified_gmt":"2023-02-22T13:45:36","slug":"legal-counsel","status":"publish","type":"page","link":"https:\/\/ness-network.com\/en\/what-we-do\/legal-counsel\/","title":{"rendered":"Legal counsel &#8211; Know-how"},"content":{"rendered":"<p>Die langj\u00e4hrige Erfahrung im Bereich Vertragsrecht bei Transfers, in Verhandlungen mit Spon- soren und Medien geh\u00f6rt zu den St\u00e4rken von NESS&amp;NETWORK. Zu jeder Zeit kann der Sportler auf ein Netzwerk an juristischen Experten zur\u00fcckgreifen.<\/p>\n","protected":false},"excerpt":{"rendered":"<p>Die langj\u00e4hrige Erfahrung im Bereich Vertragsrecht bei Transfers, in Verhandlungen mit Spon- soren und Medien geh\u00f6rt zu den St\u00e4rken von NESS&amp;NETWORK. Zu jeder Zeit kann der Sportler auf ein Netzwerk an juristischen Experten zur\u00fcckgreifen.<\/p>\n","protected":false},"author":1,"featured_media":600,"parent":823,"menu_order":5,"comment_status":"closed","ping_status":"closed","template":"page-waswirtun-detail.php","meta":{"_acf_changed":false,"footnotes":""},"class_list":["post-834","page","type-page","status-publish","has-post-thumbnail","hentry"],"acf":[],"_links":{"self":[{"href":"https:\/\/ness-network.com\/en\/wp-json\/wp\/v2\/pages\/834","targetHints":{"allow":["GET"]}}],"collection":[{"href":"https:\/\/ness-network.com\/en\/wp-json\/wp\/v2\/pages"}],"about":[{"href":"https:\/\/ness-network.com\/en\/wp-json\/wp\/v2\/types\/page"}],"author":[{"embeddable":true,"href":"https:\/\/ness-network.com\/en\/wp-json\/wp\/v2\/users\/1"}],"replies":[{"embeddable":true,"href":"https:\/\/ness-network.com\/en\/wp-json\/wp\/v2\/comments?post=834"}],"version-history":[{"count":4,"href":"https:\/\/ness-network.com\/en\/wp-json\/wp\/v2\/pages\/834\/revisions"}],"predecessor-version":[{"id":1266,"href":"https:\/\/ness-network.com\/en\/wp-json\/wp\/v2\/pages\/834\/revisions\/1266"}],"up":[{"embeddable":true,"href":"https:\/\/ness-network.com\/en\/wp-json\/wp\/v2\/pages\/823"}],"wp:featuredmedia":[{"embeddable":true,"href":"https:\/\/ness-network.com\/en\/wp-json\/wp\/v2\/media\/600"}],"wp:attachment":[{"href":"https:\/\/ness-network.com\/en\/wp-json\/wp\/v2\/media?parent=834"}],"curies":[{"name":"wp","href":"https:\/\/api.w.org\/{rel}","templated":true}]}}