{"id":837,"date":"2018-01-29T17:22:58","date_gmt":"2018-01-29T16:22:58","guid":{"rendered":"https:\/\/nessnetwork.janschmidhofer.de\/what-we-do\/social-media\/"},"modified":"2023-02-22T14:52:37","modified_gmt":"2023-02-22T13:52:37","slug":"social-media_en","status":"publish","type":"page","link":"https:\/\/ness-network.com\/en\/what-we-do\/social-media_en\/","title":{"rendered":"Social Media &#8211; Networks of opportunities"},"content":{"rendered":"<p>Welche sozialen Medien gibt es und welche machen Sinn? Im Dschungel neuer sozialer Netzwerke ist es oft schwe,r den \u00dcberblick zu behalten. NESS&amp;NETWORK pr\u00fcft die realistischen M\u00f6glichkeiten f\u00fcr jeden einzelnen Sportler und entwickelt mit ihm ein indivudelles Social Media Konzept.<\/p>\n","protected":false},"excerpt":{"rendered":"<p>Welche sozialen Medien gibt es und welche machen Sinn? Im Dschungel neuer sozialer Netzwerke ist es oft schwe,r den \u00dcberblick zu behalten. NESS&amp;NETWORK pr\u00fcft die realistischen M\u00f6glichkeiten f\u00fcr jeden einzelnen Sportler und entwickelt mit ihm ein indivudelles Social Media Konzept.<\/p>\n","protected":false},"author":1,"featured_media":601,"parent":823,"menu_order":8,"comment_status":"closed","ping_status":"closed","template":"page-waswirtun-detail.php","meta":{"_acf_changed":false,"footnotes":""},"class_list":["post-837","page","type-page","status-publish","has-post-thumbnail","hentry"],"acf":[],"_links":{"self":[{"href":"https:\/\/ness-network.com\/en\/wp-json\/wp\/v2\/pages\/837","targetHints":{"allow":["GET"]}}],"collection":[{"href":"https:\/\/ness-network.com\/en\/wp-json\/wp\/v2\/pages"}],"about":[{"href":"https:\/\/ness-network.com\/en\/wp-json\/wp\/v2\/types\/page"}],"author":[{"embeddable":true,"href":"https:\/\/ness-network.com\/en\/wp-json\/wp\/v2\/users\/1"}],"replies":[{"embeddable":true,"href":"https:\/\/ness-network.com\/en\/wp-json\/wp\/v2\/comments?post=837"}],"version-history":[{"count":4,"href":"https:\/\/ness-network.com\/en\/wp-json\/wp\/v2\/pages\/837\/revisions"}],"predecessor-version":[{"id":1268,"href":"https:\/\/ness-network.com\/en\/wp-json\/wp\/v2\/pages\/837\/revisions\/1268"}],"up":[{"embeddable":true,"href":"https:\/\/ness-network.com\/en\/wp-json\/wp\/v2\/pages\/823"}],"wp:featuredmedia":[{"embeddable":true,"href":"https:\/\/ness-network.com\/en\/wp-json\/wp\/v2\/media\/601"}],"wp:attachment":[{"href":"https:\/\/ness-network.com\/en\/wp-json\/wp\/v2\/media?parent=837"}],"curies":[{"name":"wp","href":"https:\/\/api.w.org\/{rel}","templated":true}]}}