{"id":840,"date":"2018-01-29T17:23:08","date_gmt":"2018-01-29T16:23:08","guid":{"rendered":"https:\/\/nessnetwork.janschmidhofer.de\/what-we-do\/sponsoring\/"},"modified":"2023-02-22T14:40:10","modified_gmt":"2023-02-22T13:40:10","slug":"sponsoring_en","status":"publish","type":"page","link":"https:\/\/ness-network.com\/en\/what-we-do\/sponsoring_en\/","title":{"rendered":"Sponsoring &#8211; Athletes as advertising media"},"content":{"rendered":"<p>Der hohe Bekanntheitsgrad eines Sportlers macht ihn nat\u00fcrlich attraktiv f\u00fcr globale, aber auch regionale Unternehmen. Doch welches Produkt passt zum Sportler? NESS&amp;NETWORK kennt auch die Gefahren in diesem Segment gut und f\u00fchrt in diesem Sinne ausf\u00fchrliche die Gespr\u00e4che mit Sponsoren, bevor der Sportler in die Verhandlungen eintritt.<\/p>\n","protected":false},"excerpt":{"rendered":"<p>Der hohe Bekanntheitsgrad eines Sportlers macht ihn nat\u00fcrlich attraktiv f\u00fcr globale, aber auch regionale Unternehmen. Doch welches Produkt passt zum Sportler? NESS&amp;NETWORK kennt auch die Gefahren in diesem Segment gut und f\u00fchrt in diesem Sinne ausf\u00fchrliche die Gespr\u00e4che mit Sponsoren, bevor der Sportler in die Verhandlungen eintritt.<\/p>\n","protected":false},"author":1,"featured_media":602,"parent":823,"menu_order":4,"comment_status":"closed","ping_status":"closed","template":"page-waswirtun-detail.php","meta":{"_acf_changed":false,"footnotes":""},"class_list":["post-840","page","type-page","status-publish","has-post-thumbnail","hentry"],"acf":[],"_links":{"self":[{"href":"https:\/\/ness-network.com\/en\/wp-json\/wp\/v2\/pages\/840","targetHints":{"allow":["GET"]}}],"collection":[{"href":"https:\/\/ness-network.com\/en\/wp-json\/wp\/v2\/pages"}],"about":[{"href":"https:\/\/ness-network.com\/en\/wp-json\/wp\/v2\/types\/page"}],"author":[{"embeddable":true,"href":"https:\/\/ness-network.com\/en\/wp-json\/wp\/v2\/users\/1"}],"replies":[{"embeddable":true,"href":"https:\/\/ness-network.com\/en\/wp-json\/wp\/v2\/comments?post=840"}],"version-history":[{"count":7,"href":"https:\/\/ness-network.com\/en\/wp-json\/wp\/v2\/pages\/840\/revisions"}],"predecessor-version":[{"id":1265,"href":"https:\/\/ness-network.com\/en\/wp-json\/wp\/v2\/pages\/840\/revisions\/1265"}],"up":[{"embeddable":true,"href":"https:\/\/ness-network.com\/en\/wp-json\/wp\/v2\/pages\/823"}],"wp:featuredmedia":[{"embeddable":true,"href":"https:\/\/ness-network.com\/en\/wp-json\/wp\/v2\/media\/602"}],"wp:attachment":[{"href":"https:\/\/ness-network.com\/en\/wp-json\/wp\/v2\/media?parent=840"}],"curies":[{"name":"wp","href":"https:\/\/api.w.org\/{rel}","templated":true}]}}