{"id":843,"date":"2018-01-29T17:23:55","date_gmt":"2018-01-29T16:23:55","guid":{"rendered":"https:\/\/nessnetwork.janschmidhofer.de\/what-we-do\/sportlerbetreuung\/"},"modified":"2023-02-23T12:16:39","modified_gmt":"2023-02-23T11:16:39","slug":"consulting","status":"publish","type":"page","link":"https:\/\/ness-network.com\/en\/what-we-do\/consulting\/","title":{"rendered":"Support &#038; Mentoring &#8211; The heart of our work"},"content":{"rendered":"<p>NESS&amp;NETWORK ist Netzwerk f\u00fcr Profisportler, Trainer und Vereine auf h\u00f6chstem internationalem Niveau. Pers\u00f6nlich, individuell und zuverl\u00e4ssig setzt sich das Team von NESS&amp;NETWORK mit gro\u00dfer Leidenschaft f\u00fcr die vielf\u00e4ltigen Bed\u00fcrfnisse seiner Sportler ein und legt dabei auch h\u00f6chste Priorit\u00e4t auf eine stets freunschaftliche Begleitung in den H\u00f6hen und Tiefender Laufbahn.<\/p>\n","protected":false},"excerpt":{"rendered":"<p>NESS&amp;NETWORK ist Netzwerk f\u00fcr Profisportler, Trainer und Vereine auf h\u00f6chstem internationalem Niveau. Pers\u00f6nlich, individuell und zuverl\u00e4ssig setzt sich das Team von NESS&amp;NETWORK mit gro\u00dfer Leidenschaft f\u00fcr die vielf\u00e4ltigen Bed\u00fcrfnisse seiner Sportler ein und legt dabei auch h\u00f6chste Priorit\u00e4t auf eine stets freunschaftliche Begleitung in den H\u00f6hen und Tiefender Laufbahn.<\/p>\n","protected":false},"author":1,"featured_media":603,"parent":823,"menu_order":2,"comment_status":"closed","ping_status":"closed","template":"page-waswirtun-detail.php","meta":{"_acf_changed":false,"footnotes":""},"class_list":["post-843","page","type-page","status-publish","has-post-thumbnail","hentry"],"acf":[],"_links":{"self":[{"href":"https:\/\/ness-network.com\/en\/wp-json\/wp\/v2\/pages\/843","targetHints":{"allow":["GET"]}}],"collection":[{"href":"https:\/\/ness-network.com\/en\/wp-json\/wp\/v2\/pages"}],"about":[{"href":"https:\/\/ness-network.com\/en\/wp-json\/wp\/v2\/types\/page"}],"author":[{"embeddable":true,"href":"https:\/\/ness-network.com\/en\/wp-json\/wp\/v2\/users\/1"}],"replies":[{"embeddable":true,"href":"https:\/\/ness-network.com\/en\/wp-json\/wp\/v2\/comments?post=843"}],"version-history":[{"count":11,"href":"https:\/\/ness-network.com\/en\/wp-json\/wp\/v2\/pages\/843\/revisions"}],"predecessor-version":[{"id":1281,"href":"https:\/\/ness-network.com\/en\/wp-json\/wp\/v2\/pages\/843\/revisions\/1281"}],"up":[{"embeddable":true,"href":"https:\/\/ness-network.com\/en\/wp-json\/wp\/v2\/pages\/823"}],"wp:featuredmedia":[{"embeddable":true,"href":"https:\/\/ness-network.com\/en\/wp-json\/wp\/v2\/media\/603"}],"wp:attachment":[{"href":"https:\/\/ness-network.com\/en\/wp-json\/wp\/v2\/media?parent=843"}],"curies":[{"name":"wp","href":"https:\/\/api.w.org\/{rel}","templated":true}]}}