{"id":846,"date":"2018-01-29T17:23:42","date_gmt":"2018-01-29T16:23:42","guid":{"rendered":"https:\/\/nessnetwork.janschmidhofer.de\/what-we-do\/transferberatung\/"},"modified":"2023-02-22T14:35:52","modified_gmt":"2023-02-22T13:35:52","slug":"transfer","status":"publish","type":"page","link":"https:\/\/ness-network.com\/en\/what-we-do\/transfer\/","title":{"rendered":"Transfer &#8211; Create the best conditions"},"content":{"rendered":"<p>Sportler begeistern Massen, sind Vorbilder und Helden f\u00fcr Generationen von Fans. Genau hier liegt der Ansatz f\u00fcr die Marketing-Strategien von NESS&amp;NETWORK. Unser prim\u00e4res Ziel ist es stets, das Potential eines Sportlers schnell zu erkennen und wirksam einzusetzen f\u00fcr die Steigerung seines Bekanntheitsgrades Sportlers und den Aufbau einer klaren Marke f\u00fcr ihn. Ob als Markenbotschafter, Werbefigur oder Imagetr\u00e4ger. NESS&amp;NETWORK kennt den Markt und seine M\u00f6glichkeiten.<\/p>\n","protected":false},"excerpt":{"rendered":"<p>Sportler begeistern Massen, sind Vorbilder und Helden f\u00fcr Generationen von Fans. Genau hier liegt der Ansatz f\u00fcr die Marketing-Strategien von NESS&amp;NETWORK. Unser prim\u00e4res Ziel ist es stets, das Potential eines Sportlers schnell zu erkennen und wirksam einzusetzen f\u00fcr die Steigerung seines Bekanntheitsgrades Sportlers und den Aufbau einer klaren Marke f\u00fcr ihn. Ob als Markenbotschafter, Werbefigur [&hellip;]<\/p>\n","protected":false},"author":1,"featured_media":604,"parent":823,"menu_order":1,"comment_status":"closed","ping_status":"closed","template":"page-waswirtun-detail.php","meta":{"_acf_changed":false,"footnotes":""},"class_list":["post-846","page","type-page","status-publish","has-post-thumbnail","hentry"],"acf":[],"_links":{"self":[{"href":"https:\/\/ness-network.com\/en\/wp-json\/wp\/v2\/pages\/846","targetHints":{"allow":["GET"]}}],"collection":[{"href":"https:\/\/ness-network.com\/en\/wp-json\/wp\/v2\/pages"}],"about":[{"href":"https:\/\/ness-network.com\/en\/wp-json\/wp\/v2\/types\/page"}],"author":[{"embeddable":true,"href":"https:\/\/ness-network.com\/en\/wp-json\/wp\/v2\/users\/1"}],"replies":[{"embeddable":true,"href":"https:\/\/ness-network.com\/en\/wp-json\/wp\/v2\/comments?post=846"}],"version-history":[{"count":5,"href":"https:\/\/ness-network.com\/en\/wp-json\/wp\/v2\/pages\/846\/revisions"}],"predecessor-version":[{"id":1263,"href":"https:\/\/ness-network.com\/en\/wp-json\/wp\/v2\/pages\/846\/revisions\/1263"}],"up":[{"embeddable":true,"href":"https:\/\/ness-network.com\/en\/wp-json\/wp\/v2\/pages\/823"}],"wp:featuredmedia":[{"embeddable":true,"href":"https:\/\/ness-network.com\/en\/wp-json\/wp\/v2\/media\/604"}],"wp:attachment":[{"href":"https:\/\/ness-network.com\/en\/wp-json\/wp\/v2\/media?parent=846"}],"curies":[{"name":"wp","href":"https:\/\/api.w.org\/{rel}","templated":true}]}}